{"id":4300,"date":"2024-12-23T14:48:57","date_gmt":"2024-12-23T14:48:57","guid":{"rendered":"https:\/\/crid.esecs.ipleiria.pt\/about-usquem-somos-english\/"},"modified":"2024-12-28T20:08:36","modified_gmt":"2024-12-28T20:08:36","slug":"about-usquem-somos-english","status":"publish","type":"page","link":"https:\/\/crid.esecs.ipleiria.pt\/en\/about-usquem-somos-english\/","title":{"rendered":"ABOUT US"},"content":{"rendered":"\n<p class=\"has-large-font-size\">Centro de Recursos para a Inclus\u00e3o Digital (CRID) was born in 2006 at the Escola Superior de Educa\u00e7\u00e3o e Comunica\u00e7\u00e3o Social of Polit\u00e9cnico de Leiria. As a privileged community support service in digital accessibility\u2019s area, we have a fully equipped space with devices adapted for citizens with specific needs.<\/p>\n\n\n\n<p class=\"has-large-font-size\">Our center and our support aim at all citizens with specific needs and their families, as well as institutions, schools and professionals who work in the area and have an interest in it.<\/p>\n\n\n\n<h3 class=\"wp-block-heading has-white-color has-dark-gray-background-color has-text-color has-background has-link-color has-large-font-size wp-elements-cbc4117ff072ec487679e486a3356818\" id=\"mce_1\">Our Mission<\/h3>\n\n\n\n<p class=\"has-large-font-size\">Our mission is based on promoting the social inclusion of the population with specific needs, through the use of technical aids and support products, within the scope of digital accessibility. We have various technological resources at our disposal, and we also provide advice on the respective support tools, demonstrating support for the academic community and civil society. By combining multiple scientific areas, we also intend to study the development and innovation potential of accessible technologies.<\/p>\n\n\n\n<h3 class=\"wp-block-heading has-large-font-size\" id=\"mce_1\">Presentation of the work developed<\/h3>\n\n\n\n<div class=\"wp-block-buttons is-layout-flex wp-block-buttons-is-layout-flex\">\n<div class=\"wp-block-button\"><a class=\"wp-block-button__link has-white-color has-text-color has-link-color wp-element-button\" href=\"https:\/\/youtu.be\/fADpwU6L-aE?si=rk3tAF4dOYcNDKSS\" target=\"_blank\" rel=\"noreferrer noopener\">Click Here<\/a><\/div>\n<\/div>\n\n\n\n<h3 class=\"wp-block-heading has-white-color has-dark-gray-background-color has-text-color has-background has-link-color has-large-font-size wp-elements-92bd771130ae6adab4eb9fa792d54177\" id=\"mce_1\">Team<\/h3>\n\n\n\n<div class=\"wp-block-columns is-layout-flex wp-container-core-columns-is-layout-1 wp-block-columns-is-layout-flex\">\n<div class=\"wp-block-column is-layout-flow wp-block-column-is-layout-flow\">\n<figure class=\"wp-block-image size-full\"><a href=\"https:\/\/crid.esecs.ipleiria.pt\/files\/2024\/12\/image.jpeg\" rel=\"lightbox[4300]\"><img loading=\"lazy\" decoding=\"async\" width=\"683\" height=\"1024\" src=\"https:\/\/crid.esecs.ipleiria.pt\/files\/2024\/12\/image.jpeg\" alt=\"This image has an empty alt attribute; its file name is Celia-683x1024.jpg\" class=\"wp-image-4305\" srcset=\"https:\/\/crid.esecs.ipleiria.pt\/files\/2024\/12\/image.jpeg 683w, https:\/\/crid.esecs.ipleiria.pt\/files\/2024\/12\/image-200x300.jpeg 200w\" sizes=\"auto, (max-width: 683px) 100vw, 683px\" \/><\/a><\/figure>\n<\/div>\n\n\n\n<div class=\"wp-block-column is-layout-flow wp-block-column-is-layout-flow\">\n<p class=\"has-large-font-size\"><strong>C\u00e9lia Sousa<\/strong><br>Coordinator of Centro de Recursos para a Inclus\u00e3o Digital \u2013 CRID\u00ae<\/p>\n\n\n\n<p class=\"has-large-font-size\">C\u00e9lia Sousa has a PhD in Ci\u00eancias da Educa\u00e7\u00e3o, Especializa\u00e7\u00e3o em Comunica\u00e7\u00e3o, from Universidade de Extremadura. She is a lecturer at the Escola Superior de Educa\u00e7\u00e3o e Comunica\u00e7\u00e3o Social of Polit\u00e9cnico de Leiria and an integrated researcher at the Centro de Investiga\u00e7\u00e3o Interdisciplinar de Ci\u00eancias Sociais of Universidade Nova de Lisboa. As a board member of the Sociedade Portuguesa de Engenharia de Reabilita\u00e7\u00e3o e Acessibilidade (SUPERA), she has developed projects in the areas of assistive technology, inclusive education, augmentative communication and accessible culture. She has collaborated as a consultant in the areas of accessibility and inclusion with various organizations, including consultancy work for the implementation of inclusive education legislation with the Cape Verde government.&nbsp;<a href=\"https:\/\/www.cienciavitae.pt\/C018-2EA4-D945\">https:\/\/www.cienciavitae.pt\/C018-2EA4-D945<\/a><\/p>\n<\/div>\n<\/div>\n\n\n\n<div class=\"wp-block-columns is-layout-flex wp-container-core-columns-is-layout-2 wp-block-columns-is-layout-flex\">\n<div class=\"wp-block-column is-layout-flow wp-block-column-is-layout-flow\">\n<figure class=\"wp-block-image\"><a href=\"https:\/\/crid.esecs.ipleiria.pt\/files\/2022\/04\/Marta-2-scaled.jpg\" rel=\"lightbox[4300]\"><img loading=\"lazy\" decoding=\"async\" width=\"683\" height=\"1024\" src=\"https:\/\/crid.esecs.ipleiria.pt\/files\/2022\/04\/Marta-2-683x1024.jpg\" alt=\"\" class=\"wp-image-3585\" srcset=\"https:\/\/crid.esecs.ipleiria.pt\/files\/2022\/04\/Marta-2-683x1024.jpg 683w, https:\/\/crid.esecs.ipleiria.pt\/files\/2022\/04\/Marta-2-200x300.jpg 200w, https:\/\/crid.esecs.ipleiria.pt\/files\/2022\/04\/Marta-2-768x1152.jpg 768w, https:\/\/crid.esecs.ipleiria.pt\/files\/2022\/04\/Marta-2-1024x1536.jpg 1024w, https:\/\/crid.esecs.ipleiria.pt\/files\/2022\/04\/Marta-2-1365x2048.jpg 1365w, https:\/\/crid.esecs.ipleiria.pt\/files\/2022\/04\/Marta-2-816x1224.jpg 816w, https:\/\/crid.esecs.ipleiria.pt\/files\/2022\/04\/Marta-2-scaled.jpg 1707w\" sizes=\"auto, (max-width: 683px) 100vw, 683px\" \/><\/a><\/figure>\n<\/div>\n\n\n\n<div class=\"wp-block-column is-layout-flow wp-block-column-is-layout-flow\">\n<p class=\"has-large-font-size\"><strong>Marta Nogueira<\/strong><br>PHD in Psychology<\/p>\n<\/div>\n\n\n\n<div class=\"wp-block-column is-layout-flow wp-block-column-is-layout-flow\">\n<figure class=\"wp-block-image\"><a href=\"https:\/\/crid.esecs.ipleiria.pt\/files\/2022\/04\/Raul-scaled.jpg\" rel=\"lightbox[4300]\"><img loading=\"lazy\" decoding=\"async\" width=\"683\" height=\"1024\" src=\"https:\/\/crid.esecs.ipleiria.pt\/files\/2022\/04\/Raul-683x1024.jpg\" alt=\"\" class=\"wp-image-3587\" srcset=\"https:\/\/crid.esecs.ipleiria.pt\/files\/2022\/04\/Raul-683x1024.jpg 683w, https:\/\/crid.esecs.ipleiria.pt\/files\/2022\/04\/Raul-200x300.jpg 200w, https:\/\/crid.esecs.ipleiria.pt\/files\/2022\/04\/Raul-768x1152.jpg 768w, https:\/\/crid.esecs.ipleiria.pt\/files\/2022\/04\/Raul-1024x1536.jpg 1024w, https:\/\/crid.esecs.ipleiria.pt\/files\/2022\/04\/Raul-1365x2048.jpg 1365w, https:\/\/crid.esecs.ipleiria.pt\/files\/2022\/04\/Raul-816x1224.jpg 816w, https:\/\/crid.esecs.ipleiria.pt\/files\/2022\/04\/Raul-scaled.jpg 1707w\" sizes=\"auto, (max-width: 683px) 100vw, 683px\" \/><\/a><\/figure>\n<\/div>\n\n\n\n<div class=\"wp-block-column is-layout-flow wp-block-column-is-layout-flow\">\n<p class=\"has-large-font-size\"><strong>Raul &nbsp;Antunes<\/strong><br>PhD in Sports Sciences<\/p>\n<\/div>\n<\/div>\n\n\n\n<div class=\"wp-block-columns is-layout-flex wp-container-core-columns-is-layout-3 wp-block-columns-is-layout-flex\">\n<div class=\"wp-block-column is-layout-flow wp-block-column-is-layout-flow\">\n<figure class=\"wp-block-image\"><a href=\"https:\/\/crid.esecs.ipleiria.pt\/files\/2022\/05\/Bolseira-Fernanda-Ines-Pinhal-scaled.jpg\" rel=\"lightbox[4300]\"><img loading=\"lazy\" decoding=\"async\" width=\"683\" height=\"1024\" src=\"https:\/\/crid.esecs.ipleiria.pt\/files\/2022\/05\/Bolseira-Fernanda-Ines-Pinhal-683x1024.jpg\" alt=\"\" class=\"wp-image-3664\" srcset=\"https:\/\/crid.esecs.ipleiria.pt\/files\/2022\/05\/Bolseira-Fernanda-Ines-Pinhal-683x1024.jpg 683w, https:\/\/crid.esecs.ipleiria.pt\/files\/2022\/05\/Bolseira-Fernanda-Ines-Pinhal-200x300.jpg 200w, https:\/\/crid.esecs.ipleiria.pt\/files\/2022\/05\/Bolseira-Fernanda-Ines-Pinhal-768x1152.jpg 768w, https:\/\/crid.esecs.ipleiria.pt\/files\/2022\/05\/Bolseira-Fernanda-Ines-Pinhal-1024x1536.jpg 1024w, https:\/\/crid.esecs.ipleiria.pt\/files\/2022\/05\/Bolseira-Fernanda-Ines-Pinhal-1365x2048.jpg 1365w, https:\/\/crid.esecs.ipleiria.pt\/files\/2022\/05\/Bolseira-Fernanda-Ines-Pinhal-816x1224.jpg 816w, https:\/\/crid.esecs.ipleiria.pt\/files\/2022\/05\/Bolseira-Fernanda-Ines-Pinhal-scaled.jpg 1707w\" sizes=\"auto, (max-width: 683px) 100vw, 683px\" \/><\/a><\/figure>\n<\/div>\n\n\n\n<div class=\"wp-block-column is-layout-flow wp-block-column-is-layout-flow\">\n<p class=\"has-large-font-size\"><strong>Fernanda Pinhal<\/strong>&nbsp;&nbsp;<br>Schoolarship for Reasearch<\/p>\n<\/div>\n\n\n\n<div class=\"wp-block-column is-layout-flow wp-block-column-is-layout-flow\">\n<figure class=\"wp-block-image\"><a href=\"https:\/\/crid.esecs.ipleiria.pt\/files\/2023\/10\/Claudia-2-scaled-1.png\" rel=\"lightbox[4300]\"><img loading=\"lazy\" decoding=\"async\" width=\"683\" height=\"1024\" src=\"https:\/\/crid.esecs.ipleiria.pt\/files\/2023\/10\/Claudia-2-scaled-1-683x1024.png\" alt=\"\" class=\"wp-image-4113\" srcset=\"https:\/\/crid.esecs.ipleiria.pt\/files\/2023\/10\/Claudia-2-scaled-1-683x1024.png 683w, https:\/\/crid.esecs.ipleiria.pt\/files\/2023\/10\/Claudia-2-scaled-1-200x300.png 200w, https:\/\/crid.esecs.ipleiria.pt\/files\/2023\/10\/Claudia-2-scaled-1-768x1152.png 768w, https:\/\/crid.esecs.ipleiria.pt\/files\/2023\/10\/Claudia-2-scaled-1-1024x1536.png 1024w, https:\/\/crid.esecs.ipleiria.pt\/files\/2023\/10\/Claudia-2-scaled-1-1366x2048.png 1366w, https:\/\/crid.esecs.ipleiria.pt\/files\/2023\/10\/Claudia-2-scaled-1-816x1224.png 816w, https:\/\/crid.esecs.ipleiria.pt\/files\/2023\/10\/Claudia-2-scaled-1.png 1707w\" sizes=\"auto, (max-width: 683px) 100vw, 683px\" \/><\/a><\/figure>\n<\/div>\n\n\n\n<div class=\"wp-block-column is-layout-flow wp-block-column-is-layout-flow\">\n<p class=\"has-large-font-size\"><strong>Aliny Lamoglia<\/strong><br>PhD in Psychology<\/p>\n<\/div>\n<\/div>\n\n\n\n<hr class=\"wp-block-separator has-alpha-channel-opacity\" \/>\n\n\n\n<h3 class=\"wp-block-heading has-large-font-size\" id=\"mce_1\" style=\"text-transform:capitalize\">Partner Researchers<\/h3>\n\n\n\n<div class=\"wp-block-columns is-layout-flex wp-container-core-columns-is-layout-4 wp-block-columns-is-layout-flex\">\n<div class=\"wp-block-column is-layout-flow wp-block-column-is-layout-flow\">\n<figure class=\"wp-block-image\"><a href=\"https:\/\/crid.esecs.ipleiria.pt\/files\/2022\/04\/Thais-Professora-Corunha-scaled.jpg\" rel=\"lightbox[4300]\"><img loading=\"lazy\" decoding=\"async\" width=\"683\" height=\"1024\" src=\"https:\/\/crid.esecs.ipleiria.pt\/files\/2022\/04\/Thais-Professora-Corunha-683x1024.jpg\" alt=\"\" class=\"wp-image-3588\" srcset=\"https:\/\/crid.esecs.ipleiria.pt\/files\/2022\/04\/Thais-Professora-Corunha-683x1024.jpg 683w, https:\/\/crid.esecs.ipleiria.pt\/files\/2022\/04\/Thais-Professora-Corunha-200x300.jpg 200w, https:\/\/crid.esecs.ipleiria.pt\/files\/2022\/04\/Thais-Professora-Corunha-768x1152.jpg 768w, https:\/\/crid.esecs.ipleiria.pt\/files\/2022\/04\/Thais-Professora-Corunha-1024x1536.jpg 1024w, https:\/\/crid.esecs.ipleiria.pt\/files\/2022\/04\/Thais-Professora-Corunha-1365x2048.jpg 1365w, https:\/\/crid.esecs.ipleiria.pt\/files\/2022\/04\/Thais-Professora-Corunha-816x1224.jpg 816w, https:\/\/crid.esecs.ipleiria.pt\/files\/2022\/04\/Thais-Professora-Corunha-scaled.jpg 1707w\" sizes=\"auto, (max-width: 683px) 100vw, 683px\" \/><\/a><\/figure>\n<\/div>\n\n\n\n<div class=\"wp-block-column is-layout-flow wp-block-column-is-layout-flow\">\n<p class=\"has-large-font-size\"><strong>Tha\u00eds Pousada<\/strong><br>PhD in Health Sciences \u2013 Visiting Professor at the University of Coru\u00f1a<\/p>\n<\/div>\n<\/div>\n","protected":false},"excerpt":{"rendered":"<p>Centro de Recursos para a Inclus\u00e3o Digital (CRID) was born in 2006 at the Escola Superior de Educa\u00e7\u00e3o e Comunica\u00e7\u00e3o Social of Polit\u00e9cnico de Leiria. As a privileged community support [&hellip;]<\/p>\n","protected":false},"author":102,"featured_media":0,"parent":0,"menu_order":0,"comment_status":"closed","ping_status":"closed","template":"","meta":{"ngg_post_thumbnail":0,"footnotes":""},"class_list":["post-4300","page","type-page","status-publish","hentry"],"_links":{"self":[{"href":"https:\/\/crid.esecs.ipleiria.pt\/en\/wp-json\/wp\/v2\/pages\/4300","targetHints":{"allow":["GET"]}}],"collection":[{"href":"https:\/\/crid.esecs.ipleiria.pt\/en\/wp-json\/wp\/v2\/pages"}],"about":[{"href":"https:\/\/crid.esecs.ipleiria.pt\/en\/wp-json\/wp\/v2\/types\/page"}],"author":[{"embeddable":true,"href":"https:\/\/crid.esecs.ipleiria.pt\/en\/wp-json\/wp\/v2\/users\/102"}],"replies":[{"embeddable":true,"href":"https:\/\/crid.esecs.ipleiria.pt\/en\/wp-json\/wp\/v2\/comments?post=4300"}],"version-history":[{"count":7,"href":"https:\/\/crid.esecs.ipleiria.pt\/en\/wp-json\/wp\/v2\/pages\/4300\/revisions"}],"predecessor-version":[{"id":4515,"href":"https:\/\/crid.esecs.ipleiria.pt\/en\/wp-json\/wp\/v2\/pages\/4300\/revisions\/4515"}],"wp:attachment":[{"href":"https:\/\/crid.esecs.ipleiria.pt\/en\/wp-json\/wp\/v2\/media?parent=4300"}],"curies":[{"name":"wp","href":"https:\/\/api.w.org\/{rel}","templated":true}]}}