{"id":4326,"date":"2024-12-23T17:36:53","date_gmt":"2024-12-23T17:36:53","guid":{"rendered":"https:\/\/crid.esecs.ipleiria.pt\/?page_id=4326"},"modified":"2024-12-25T21:23:09","modified_gmt":"2024-12-25T21:23:09","slug":"guioes-acessiveis-2","status":"publish","type":"page","link":"https:\/\/crid.esecs.ipleiria.pt\/en\/guioes-acessiveis-2\/","title":{"rendered":"Accessible Scripts"},"content":{"rendered":"\n<p class=\"has-large-font-size\">Project consisting of printed multi-format scripts, with enlarged text, braille, embossed images, pictograms and a \u201cquick response\u201d (QR) code that links to a website with its audiobook and videobook versions (Portuguese Sign Language).<\/p>\n\n\n\n<p class=\"has-large-font-size\">The work was authored by Ana Mano, Diana Fernandes and Humberto Aguiar, within the scope of the Laborat\u00f3rio de Comunica\u00e7\u00e3o Acess\u00edvel Curricular Unit, integrated into the study plan of Mestrado em Comunica\u00e7\u00e3o Acess\u00edvel, at Polit\u00e9cnico de Leiria.<\/p>\n\n\n\n<p class=\"has-white-color has-dark-gray-background-color has-text-color has-background has-link-color has-large-font-size wp-elements-e5ffa44ee0fb9feda4600f9356361a93\"><strong>Agromuseu D. Julinha<\/strong><\/p>\n\n\n\n<div class=\"wp-block-file\"><a id=\"wp-block-file--media-fb17d491-d2ef-4302-8069-b86eca5d77c8\" href=\"http:\/\/crid.esecs.ipleiria.pt\/files\/2019\/06\/Agromuseu.pdf\">Gui\u00e3o Agromuseu Municipal Dona Julinha em SPC<\/a><a href=\"http:\/\/crid.esecs.ipleiria.pt\/files\/2019\/06\/Agromuseu.pdf\" class=\"wp-block-file__button wp-element-button\" download aria-describedby=\"wp-block-file--media-fb17d491-d2ef-4302-8069-b86eca5d77c8\">Descarregar<\/a><\/div>\n\n\n\n<p class=\"has-white-color has-dark-gray-background-color has-text-color has-background has-link-color wp-elements-85b49789ed285c60dc8fcc77c2f5514a\" style=\"font-size:24px\"><strong>Carta dos Direitos e Deveres do Utente do Servi\u00e7o Nacional de Sa\u00fade<\/strong><\/p>\n\n\n\n<div class=\"wp-block-file\"><a id=\"wp-block-file--media-b09ea643-8056-43b0-9440-9e80fdbf1e1e\" href=\"http:\/\/crid.esecs.ipleiria.pt\/files\/2021\/05\/Livro-Direitos-e-Deveres.pdf\">Vers\u00e3o SPC da Carta dos Direitos e Deveres<\/a><a href=\"http:\/\/crid.esecs.ipleiria.pt\/files\/2021\/05\/Livro-Direitos-e-Deveres.pdf\" class=\"wp-block-file__button wp-element-button\" download aria-describedby=\"wp-block-file--media-b09ea643-8056-43b0-9440-9e80fdbf1e1e\">Descarregar<\/a><\/div>\n\n\n\n<figure class=\"wp-block-audio\"><audio controls src=\"http:\/\/crid.esecs.ipleiria.pt\/files\/2021\/05\/Carta-deveres-e-direitos-utente-SNS.mp3\"><\/audio><\/figure>\n\n\n\n<p class=\"has-white-color has-dark-gray-background-color has-text-color has-background has-link-color has-large-font-size wp-elements-4ceab1a7a1bbf562738b21bf4749bb4a\"><strong>Castelo de Leiria<\/strong><\/p>\n\n\n\n<div class=\"wp-block-file\"><a id=\"wp-block-file--media-b94ac41f-f504-4f66-a6dd-75769df0e840\" href=\"http:\/\/crid.esecs.ipleiria.pt\/files\/2019\/06\/Castelo_Leiria.pdf\">Folheto Castelo de Leiria em SPC<\/a><a href=\"http:\/\/crid.esecs.ipleiria.pt\/files\/2019\/06\/Castelo_Leiria.pdf\" class=\"wp-block-file__button wp-element-button\" download aria-describedby=\"wp-block-file--media-b94ac41f-f504-4f66-a6dd-75769df0e840\">Descarregar<\/a><\/div>\n\n\n\n<p class=\"has-white-color has-dark-gray-background-color has-text-color has-background has-link-color wp-elements-ec8f15703cc1a87c42992a0ed781b7f6\" style=\"font-size:24px\"><strong>Castelo de Pombal<\/strong><\/p>\n\n\n\n<div class=\"wp-block-file\"><a id=\"wp-block-file--media-6b6ddc9e-7d3e-48f6-a0af-c27c03c6cb98\" href=\"http:\/\/crid.esecs.ipleiria.pt\/files\/2019\/06\/Castelo_Pombal.pdf\">Gui\u00e3o Castelo de Pombal em SPC<\/a><a href=\"http:\/\/crid.esecs.ipleiria.pt\/files\/2019\/06\/Castelo_Pombal.pdf\" class=\"wp-block-file__button wp-element-button\" download aria-describedby=\"wp-block-file--media-6b6ddc9e-7d3e-48f6-a0af-c27c03c6cb98\">Descarregar<\/a><\/div>\n\n\n\n<h2 class=\"wp-block-heading has-white-color has-dark-gray-background-color has-text-color has-background has-link-color wp-elements-c9ae2ba251eee0305a5fd19d389b0d10\" style=\"font-size:24px\">Castelo de Porto de M\u00f3s<\/h2>\n\n\n\n<div class=\"wp-block-file\"><a id=\"wp-block-file--media-4f0d8739-89d8-4a36-95d9-5221358bada0\" href=\"http:\/\/crid.esecs.ipleiria.pt\/files\/2019\/06\/SPC-CASTELO-DE-PORTO-DE-M\u00d3S.pdf\">Gui\u00e3o Castelo de Porto de M\u00f3s em SPC<\/a><a href=\"http:\/\/crid.esecs.ipleiria.pt\/files\/2019\/06\/SPC-CASTELO-DE-PORTO-DE-M\u00d3S.pdf\" class=\"wp-block-file__button wp-element-button\" download aria-describedby=\"wp-block-file--media-4f0d8739-89d8-4a36-95d9-5221358bada0\">Descarregar<\/a><\/div>\n\n\n\n<h2 class=\"wp-block-heading has-white-color has-dark-gray-background-color has-text-color has-background has-link-color has-large-font-size wp-elements-31ed8df1bf95b42e9c2f126c88619bf9\">Catedral de Leiria<\/h2>\n\n\n\n<div class=\"wp-block-file\"><a id=\"wp-block-file--media-b8e852d3-d7cf-47db-b892-99a0e3e45f94\" href=\"https:\/\/crid.esecs.ipleiria.pt\/files\/2019\/12\/gui\u00e3o_texto_site.pdf\">Gui\u00e3o Catedral de Leiria<\/a><a href=\"https:\/\/crid.esecs.ipleiria.pt\/files\/2019\/12\/gui\u00e3o_texto_site.pdf\" class=\"wp-block-file__button wp-element-button\" download aria-describedby=\"wp-block-file--media-b8e852d3-d7cf-47db-b892-99a0e3e45f94\">Descarregar<\/a><\/div>\n\n\n\n<div class=\"wp-block-file\"><a id=\"wp-block-file--media-20444aff-cc15-4dd9-9d03-a7ee48b1bba7\" href=\"https:\/\/crid.esecs.ipleiria.pt\/files\/2019\/12\/gui\u00e3o_SPC_site.pdf\">Gui\u00e3o Catedral de Leiria em SPC<\/a><a href=\"https:\/\/crid.esecs.ipleiria.pt\/files\/2019\/12\/gui\u00e3o_SPC_site.pdf\" class=\"wp-block-file__button wp-element-button\" download aria-describedby=\"wp-block-file--media-20444aff-cc15-4dd9-9d03-a7ee48b1bba7\">Descarregar<\/a><\/div>\n\n\n\n<h2 class=\"wp-block-heading has-white-color has-dark-gray-background-color has-text-color has-background has-link-color wp-elements-f92190c0ed0345b34580aaece5bb5f70\" style=\"font-size:24px\">Cuidados na Praia<\/h2>\n\n\n\n<p class=\"has-regular-font-size\">The Resource Center for Digital Inclusion (CRID) of the Escola Superior de Educa\u00e7\u00e3o e Ci\u00eancias Sociais (ESECS), of the Polytechnic of Leiria, and the Public Health Unit of ACES Pinhal Litoral present a multi-format leaflet on health care for in the summer, as part of the development of the Seasonal Health Contingency Plan &#8211; Summer 2019 Module.<\/p>\n\n\n\n<figure class=\"wp-block-embed is-type-video is-provider-youtube wp-block-embed-youtube wp-embed-aspect-16-9 wp-has-aspect-ratio\"><div class=\"wp-block-embed__wrapper\">\nhttps:\/\/www.youtube.com\/watch?v=hIzthnrSWgk&#038;feature=youtu.be\n<\/div><\/figure>\n\n\n\n<div class=\"wp-block-file\"><a id=\"wp-block-file--media-fade2125-6bb4-465e-9c69-bd25489d195a\" href=\"http:\/\/crid.esecs.ipleiria.pt\/files\/2019\/07\/LEITURA-SITE-5.pdf\">Flyer Cuidados na Praia (vers\u00e3o para visualiza\u00e7\u00e3o)<\/a><a href=\"http:\/\/crid.esecs.ipleiria.pt\/files\/2019\/07\/LEITURA-SITE-5.pdf\" class=\"wp-block-file__button wp-element-button\" download aria-describedby=\"wp-block-file--media-fade2125-6bb4-465e-9c69-bd25489d195a\">Descarregar<\/a><\/div>\n\n\n\n<div class=\"wp-block-file\"><a id=\"wp-block-file--media-9d488336-cccd-4f8c-8bbd-d5466e2f4596\" href=\"http:\/\/crid.esecs.ipleiria.pt\/files\/2019\/07\/Flyer_Praia-2.pdf\">Flyer Cuidados na Praia (vers\u00e3o para impress\u00e3o)<\/a><a href=\"http:\/\/crid.esecs.ipleiria.pt\/files\/2019\/07\/Flyer_Praia-2.pdf\" class=\"wp-block-file__button wp-element-button\" download aria-describedby=\"wp-block-file--media-9d488336-cccd-4f8c-8bbd-d5466e2f4596\">Descarregar<\/a><\/div>\n\n\n\n<h2 class=\"wp-block-heading has-white-color has-dark-gray-background-color has-text-color has-background has-link-color has-large-font-size wp-elements-406a369d0997debbb5c18ff258d58bba\">Folhetos da Sa\u00fade<\/h2>\n\n\n\n<p class=\"has-regular-font-size\">Work carried out within the scope of the Augmentative Communication Laboratory Curricular Unit, integrated into the study plan of the Master&#8217;s in Accessible Communication, at the Polytechnic Institute of Leiria.<\/p>\n\n\n\n<div class=\"wp-block-file\"><a id=\"wp-block-file--media-488fbf46-bd9b-4f04-8588-8e181ab3eaeb\" href=\"https:\/\/crid.esecs.ipleiria.pt\/files\/2019\/11\/folhetos_acess\u00edveis.pdf\">Folheto Prote\u00e7\u00e3o de Dados em SPC e braille. Autores: Alessandra Lopes de Oliveira Castelini, Ana Quit\u00e9rio, Lu\u00eds Cordeiro, Madalena Ribeiro e Mirella Brenner Hennemann <\/a><a href=\"https:\/\/crid.esecs.ipleiria.pt\/files\/2019\/11\/folhetos_acess\u00edveis.pdf\" class=\"wp-block-file__button wp-element-button\" download aria-describedby=\"wp-block-file--media-488fbf46-bd9b-4f04-8588-8e181ab3eaeb\">Descarregar<\/a><\/div>\n\n\n\n<div class=\"wp-block-file\"><a id=\"wp-block-file--media-f67344fe-c986-4c73-8b11-966ac3741e5e\" href=\"https:\/\/crid.esecs.ipleiria.pt\/files\/2019\/11\/portal_SNS.pdf\">Folheto do Portal do SNS em SPC e braille. Autores: Alessandra Lopes de Oliveira Castelini, Ana Quit\u00e9rio, Lu\u00eds Cordeiro, Madalena Ribeiro e Mirella Brenner Hennemann <\/a><a href=\"https:\/\/crid.esecs.ipleiria.pt\/files\/2019\/11\/portal_SNS.pdf\" class=\"wp-block-file__button wp-element-button\" download aria-describedby=\"wp-block-file--media-f67344fe-c986-4c73-8b11-966ac3741e5e\">Descarregar<\/a><\/div>\n\n\n\n<div class=\"wp-block-file\"><a id=\"wp-block-file--media-638c7f31-f50f-4468-95b4-2e4489d5846e\" href=\"http:\/\/crid.esecs.ipleiria.pt\/files\/2023\/03\/flyer_santiago_Corrigido.pdf\">Folheto Guia de Acolhimento USF em SPC e braille. Autores: Elsa Videira, Isabel Perdig\u00e3o, Carolina Car\u00e1, Sandra Oliveira e S\u00edlvia Canha. <\/a><a href=\"http:\/\/crid.esecs.ipleiria.pt\/files\/2023\/03\/flyer_santiago_Corrigido.pdf\" class=\"wp-block-file__button wp-element-button\" download aria-describedby=\"wp-block-file--media-638c7f31-f50f-4468-95b4-2e4489d5846e\">Descarregar<\/a><\/div>\n\n\n\n<div class=\"wp-block-file\"><a id=\"wp-block-file--media-d1781f8c-1255-4067-a882-c0e4ef411b80\" href=\"https:\/\/crid.esecs.ipleiria.pt\/files\/2023\/03\/flyer_vitrius_Corrigido.pdf\">Folheto Guia de Acolhimento USF Vitrius em SPC e braille. Autores: Elsa Videira, Isabel Perdig\u00e3o, Carolina Car\u00e1, Sandra Oliveira e S\u00edlvia Canha. <\/a><a href=\"https:\/\/crid.esecs.ipleiria.pt\/files\/2023\/03\/flyer_vitrius_Corrigido.pdf\" class=\"wp-block-file__button wp-element-button\" download aria-describedby=\"wp-block-file--media-d1781f8c-1255-4067-a882-c0e4ef411b80\">Descarregar<\/a><\/div>\n\n\n\n<div class=\"wp-block-file\"><a id=\"wp-block-file--media-b8cafab8-ca41-4af6-aee8-7e3eb2a485f4\" href=\"http:\/\/crid.esecs.ipleiria.pt\/files\/2019\/06\/UCC_Pombal.pdf\">Folheto da Unidade de Cuidados na Comunidade de Pombal &#8211; UCC Pombal em SPC e braille. Autores: Ana Catarina Costa dos Santos, Ana Patr\u00edcia Sim\u00f5es Santos, Andr\u00e9 Luiz Marques, \u00c2ngela Margarida dos Santos Capela e Val\u00e9ria Regina Abdalla Farias.<\/a><a href=\"http:\/\/crid.esecs.ipleiria.pt\/files\/2019\/06\/UCC_Pombal.pdf\" class=\"wp-block-file__button wp-element-button\" download aria-describedby=\"wp-block-file--media-b8cafab8-ca41-4af6-aee8-7e3eb2a485f4\">Descarregar<\/a><\/div>\n\n\n\n<div class=\"wp-block-file\"><a id=\"wp-block-file--media-5a8d7237-458d-4d71-a096-512474c421c5\" href=\"http:\/\/crid.esecs.ipleiria.pt\/files\/2019\/06\/USF_Condest\u00e1vel.pdf\">Unidade de Sa\u00fade Familiar Condest\u00e1vel &#8211; USF Condest\u00e1vel em SPC e braille. Autores:  Ana Catarina Costa dos Santos, Ana Patr\u00edcia Sim\u00f5es Santos, Andr\u00e9 Luiz Marques, \u00c2ngela Margarida dos Santos Capela e Val\u00e9ria Regina Abdalla Farias. <\/a><a href=\"http:\/\/crid.esecs.ipleiria.pt\/files\/2019\/06\/USF_Condest\u00e1vel.pdf\" class=\"wp-block-file__button wp-element-button\" download aria-describedby=\"wp-block-file--media-5a8d7237-458d-4d71-a096-512474c421c5\">Descarregar<\/a><\/div>\n\n\n\n<h2 class=\"wp-block-heading has-white-color has-dark-gray-background-color has-text-color has-background has-link-color has-large-font-size wp-elements-0a8a6a18f466360931331e442523d61e\">Grutas da Moeda<\/h2>\n\n\n\n<p class=\"has-regular-font-size\">The caves located in S\u00e3o Mamede, in the municipality of Batalha, are the first in Portugal to offer accessible leaflets in Braille (Portuguese and English) and in pictographic language to the public. Developed by CRID in collaboration with the Cavernas technical team.<\/p>\n\n\n\n<div class=\"wp-block-file\"><a id=\"wp-block-file--media-4f7a549e-353c-45b5-a4d6-f6b532663716\" href=\"http:\/\/crid.esecs.ipleiria.pt\/files\/2019\/06\/Gui\u00e3o-Grutas-SPC.pdf\">Gui\u00e3o Grutas da Moeda em SPC (Portugu\u00eas)<\/a><a href=\"http:\/\/crid.esecs.ipleiria.pt\/files\/2019\/06\/Gui\u00e3o-Grutas-SPC.pdf\" class=\"wp-block-file__button wp-element-button\" download aria-describedby=\"wp-block-file--media-4f7a549e-353c-45b5-a4d6-f6b532663716\">Descarregar<\/a><\/div>\n\n\n\n<div class=\"wp-block-file\"><a id=\"wp-block-file--media-63cd1023-d253-447d-b62f-dc1eb99ec008\" href=\"http:\/\/crid.esecs.ipleiria.pt\/files\/2019\/06\/grutas_da_moeda_eng.pdf\">Gui\u00e3o Grutas da Moeda em braille (Ingl\u00eas)<\/a><a href=\"http:\/\/crid.esecs.ipleiria.pt\/files\/2019\/06\/grutas_da_moeda_eng.pdf\" class=\"wp-block-file__button wp-element-button\" download aria-describedby=\"wp-block-file--media-63cd1023-d253-447d-b62f-dc1eb99ec008\">Descarregar<\/a><\/div>\n\n\n\n<h2 class=\"wp-block-heading has-white-color has-dark-gray-background-color has-text-color has-background has-link-color has-large-font-size wp-elements-8caf90c709c1caec748a7d8c36538baa\">Itiner\u00e1rio Jubilar<\/h2>\n\n\n\n<div class=\"wp-block-file\"><a id=\"wp-block-file--media-20c731fd-1129-4e7e-8d81-3c84ec5d8cd4\" href=\"http:\/\/crid.esecs.ipleiria.pt\/files\/2019\/06\/santuario.pdf\">Gui\u00e3o Itiner\u00e1rio Jubilar em letra aumentada e imagens em relevo<\/a><a href=\"http:\/\/crid.esecs.ipleiria.pt\/files\/2019\/06\/santuario.pdf\" class=\"wp-block-file__button wp-element-button\" download aria-describedby=\"wp-block-file--media-20c731fd-1129-4e7e-8d81-3c84ec5d8cd4\">Descarregar<\/a><\/div>\n\n\n\n<h2 class=\"wp-block-heading has-white-color has-dark-gray-background-color has-text-color has-background has-link-color has-large-font-size wp-elements-f2550ed4a42f3ae03e916cb90c59699f\">Maria do C\u00e9u e Lu\u00eds Pereira de Sampaio &#8211; Uma cole\u00e7\u00e3o em Foco<\/h2>\n\n\n\n<div class=\"wp-block-file\"><a id=\"wp-block-file--media-c27c6105-f9bf-4841-a1db-8aa9e1ceb32a\" href=\"http:\/\/crid.esecs.ipleiria.pt\/files\/2019\/06\/Maria-do-C\u00e9u.pdf\">Gui\u00e3o Maria do C\u00e9u e Lu\u00eds Pereira de Sampaio &#8211; Uma cole\u00e7\u00e3o em Foco em braille e imagens em relevo<\/a><a href=\"http:\/\/crid.esecs.ipleiria.pt\/files\/2019\/06\/Maria-do-C\u00e9u.pdf\" class=\"wp-block-file__button wp-element-button\" download aria-describedby=\"wp-block-file--media-c27c6105-f9bf-4841-a1db-8aa9e1ceb32a\">Descarregar<\/a><\/div>\n\n\n\n<h2 class=\"wp-block-heading has-white-color has-dark-gray-background-color has-text-color has-background has-link-color has-large-font-size wp-elements-3a089889ae8273cb7afe9f95e7fcb902\">O Menino do Vale do Lapedo<\/h2>\n\n\n\n<div class=\"wp-block-file\"><a id=\"wp-block-file--media-3d19f642-27dc-401f-95f7-bb2231c7d02a\" href=\"http:\/\/crid.esecs.ipleiria.pt\/files\/2019\/06\/O-MENINO-DO-LAPEDO.pdf\">Gui\u00e3o O Menino do Vale do Lapedo em SPC<\/a><a href=\"http:\/\/crid.esecs.ipleiria.pt\/files\/2019\/06\/O-MENINO-DO-LAPEDO.pdf\" class=\"wp-block-file__button wp-element-button\" download aria-describedby=\"wp-block-file--media-3d19f642-27dc-401f-95f7-bb2231c7d02a\">Descarregar<\/a><\/div>\n\n\n\n<h2 class=\"wp-block-heading has-white-color has-dark-gray-background-color has-text-color has-background has-link-color has-large-font-size wp-elements-75dc2bec48015bc1e575e10afdbd0c84\">m|i|m|o &#8211; Museu da Imagem e Movimento<\/h2>\n\n\n\n<div class=\"wp-block-file\"><a id=\"wp-block-file--media-fb46388f-88f7-42ed-aa24-62df20f58324\" href=\"http:\/\/crid.esecs.ipleiria.pt\/files\/2019\/06\/Mimo.pdf\">Gui\u00e3o m|i|m|o &#8211; Museu da Imagem e Movimento em SPC<\/a><a href=\"http:\/\/crid.esecs.ipleiria.pt\/files\/2019\/06\/Mimo.pdf\" class=\"wp-block-file__button wp-element-button\" download aria-describedby=\"wp-block-file--media-fb46388f-88f7-42ed-aa24-62df20f58324\">Descarregar<\/a><\/div>\n\n\n\n<h2 class=\"wp-block-heading has-white-color has-dark-gray-background-color has-text-color has-background has-link-color has-large-font-size wp-elements-a957e13187a1a08caf85d4110da24d75\">Moinho do Papel<\/h2>\n\n\n\n<div class=\"wp-block-file\"><a id=\"wp-block-file--media-2cdd4a41-2bb1-4214-883f-4cc0bbf40e59\" href=\"http:\/\/crid.esecs.ipleiria.pt\/files\/2019\/06\/Moinho-de-papel.pdf\">Gui\u00e3o Moinho do Papel em SPC<\/a><a href=\"http:\/\/crid.esecs.ipleiria.pt\/files\/2019\/06\/Moinho-de-papel.pdf\" class=\"wp-block-file__button wp-element-button\" download aria-describedby=\"wp-block-file--media-2cdd4a41-2bb1-4214-883f-4cc0bbf40e59\">Descarregar<\/a><\/div>\n\n\n\n<h2 class=\"wp-block-heading has-white-color has-dark-gray-background-color has-text-color has-background has-link-color has-large-font-size wp-elements-1c48084bc6872fe05ee57b8c265669a4\">Mosteiro da Batalha<\/h2>\n\n\n\n<p class=\"has-regular-font-size\">Visitors to the Batalha Monastery have information in Braille, pictographic language, audio guide and video guide in Brazilian Sign Language. The material is also available on the Monastery&#8217;s website ( <a aria-label=\"s\u00edtio web (abre num novo separador)\" href=\"http:\/\/www.mosteirobatalha.gov.pt\/pt\/index.php\" target=\"_blank\" rel=\"noreferrer noopener\">s\u00edtio web<\/a>) , under &#8220;Learning with heritage&#8221; &gt; &#8220;Inclusive supports&#8221;. This project is the result of a partnership between CRID and the Educational Service of the Batalha Monastery, coordinated by C\u00e9lia Sousa (CRID) and Rita Quina (Battle Monastery). <\/p>\n\n\n\n<div class=\"wp-block-file\"><a id=\"wp-block-file--media-b37e70fc-15b0-4096-b4f2-39e235b61eed\" href=\"http:\/\/crid.esecs.ipleiria.pt\/files\/2019\/06\/Mosteiro_Batalha.pdf\">Gui\u00e3o Mosteiro Batalha em braille e imagens em relevo<\/a><a href=\"http:\/\/crid.esecs.ipleiria.pt\/files\/2019\/06\/Mosteiro_Batalha.pdf\" class=\"wp-block-file__button wp-element-button\" download aria-describedby=\"wp-block-file--media-b37e70fc-15b0-4096-b4f2-39e235b61eed\">Descarregar<\/a><\/div>\n\n\n\n<h2 class=\"wp-block-heading has-white-color has-dark-gray-background-color has-text-color has-background has-link-color has-large-font-size wp-elements-70aa56c91a4d97bd9c218c1ae7dbbffa\">Museu da Arte Popular Portuguesa<\/h2>\n\n\n\n<div class=\"wp-block-file\"><a id=\"wp-block-file--media-08bb1485-f06e-465b-a62d-c9cc1a78babc\" href=\"http:\/\/crid.esecs.ipleiria.pt\/files\/2019\/06\/SPC-Museu-Arte-Popular-Portuguesa.pdf\">Gui\u00e3o Museu da Arte Popular Portuguesa em SPC<\/a><a href=\"http:\/\/crid.esecs.ipleiria.pt\/files\/2019\/06\/SPC-Museu-Arte-Popular-Portuguesa.pdf\" class=\"wp-block-file__button wp-element-button\" download aria-describedby=\"wp-block-file--media-08bb1485-f06e-465b-a62d-c9cc1a78babc\">Descarregar<\/a><\/div>\n\n\n\n<h2 class=\"wp-block-heading has-white-color has-dark-gray-background-color has-text-color has-background has-link-color has-large-font-size wp-elements-8e794770b17ad5de7a90757f80e6ec94\">Museu da Arte Sacra e Etnologia<\/h2>\n\n\n\n<div class=\"wp-block-file\"><a id=\"wp-block-file--media-ae93a139-ef5d-4ba5-88f0-669b7248686d\" href=\"http:\/\/crid.esecs.ipleiria.pt\/files\/2019\/06\/gui\u00e3o_museu_consolata.pdf\">Gui\u00e3o Museu da Arte Sacra e Etnologia em braille<\/a><a href=\"http:\/\/crid.esecs.ipleiria.pt\/files\/2019\/06\/gui\u00e3o_museu_consolata.pdf\" class=\"wp-block-file__button wp-element-button\" download aria-describedby=\"wp-block-file--media-ae93a139-ef5d-4ba5-88f0-669b7248686d\">Descarregar<\/a><\/div>\n\n\n\n<h2 class=\"wp-block-heading has-white-color has-dark-gray-background-color has-text-color has-background has-link-color has-large-font-size wp-elements-0582d6e4788af104148b6d50d0ebfeea\">Museu de Leiria<\/h2>\n\n\n\n<div class=\"wp-block-file\"><a id=\"wp-block-file--media-4d12c780-0baa-4e2e-9cd9-98b3ec3a1810\" href=\"http:\/\/crid.esecs.ipleiria.pt\/files\/2019\/06\/SPC_Museu_Leiria.pdf\">Gui\u00e3o Museu de Leiria em SPC<\/a><a href=\"http:\/\/crid.esecs.ipleiria.pt\/files\/2019\/06\/SPC_Museu_Leiria.pdf\" class=\"wp-block-file__button wp-element-button\" download aria-describedby=\"wp-block-file--media-4d12c780-0baa-4e2e-9cd9-98b3ec3a1810\">Descarregar<\/a><\/div>\n\n\n\n<h2 class=\"wp-block-heading has-white-color has-dark-gray-background-color has-text-color has-background has-link-color has-large-font-size wp-elements-7cdeb496c2e3eb58ed70d833ba6c15ff\">Teatro Pedro e In\u00eas<\/h2>\n\n\n\n<div class=\"wp-block-file\"><a id=\"wp-block-file--media-c4df9a10-ba62-445e-ba38-f450638b79e1\" href=\"http:\/\/crid.esecs.ipleiria.pt\/files\/2019\/06\/teatro_pedro_ines.pdf\">Gui\u00e3o Teatro Pedro e In\u00eas em SPC<\/a><a href=\"http:\/\/crid.esecs.ipleiria.pt\/files\/2019\/06\/teatro_pedro_ines.pdf\" class=\"wp-block-file__button wp-element-button\" download aria-describedby=\"wp-block-file--media-c4df9a10-ba62-445e-ba38-f450638b79e1\">Descarregar<\/a><\/div>\n\n\n\n<h2 class=\"wp-block-heading has-white-color has-dark-gray-background-color has-text-color has-background has-link-color has-large-font-size wp-elements-cfd507b02e902fe1ad429db9d3a669ac\">Vespa Asi\u00e1tica<\/h2>\n\n\n\n<figure class=\"wp-block-embed is-type-video is-provider-youtube wp-block-embed-youtube wp-embed-aspect-16-9 wp-has-aspect-ratio\"><div class=\"wp-block-embed__wrapper\">\nhttps:\/\/youtu.be\/rIrRwpYqjJw\n<\/div><\/figure>\n\n\n\n<div class=\"wp-block-file\"><a id=\"wp-block-file--media-41178118-2ae3-47ab-9649-974b713f442b\" href=\"https:\/\/crid.esecs.ipleiria.pt\/files\/2021\/05\/Folheto_Vespa_Asiatica_cmleiria.pdf\">Folheto Vespa Asi\u00e1tica<\/a><a href=\"https:\/\/crid.esecs.ipleiria.pt\/files\/2021\/05\/Folheto_Vespa_Asiatica_cmleiria.pdf\" class=\"wp-block-file__button\" download aria-describedby=\"wp-block-file--media-41178118-2ae3-47ab-9649-974b713f442b\">Descarregar<\/a><\/div>\n","protected":false},"excerpt":{"rendered":"<p>Project consisting of printed multi-format scripts, with enlarged text, braille, embossed images, pictograms and a \u201cquick response\u201d (QR) code that links to a website with its audiobook and videobook versions [&hellip;]<\/p>\n","protected":false},"author":5915,"featured_media":0,"parent":0,"menu_order":0,"comment_status":"closed","ping_status":"closed","template":"","meta":{"ngg_post_thumbnail":0,"footnotes":""},"class_list":["post-4326","page","type-page","status-publish","hentry"],"_links":{"self":[{"href":"https:\/\/crid.esecs.ipleiria.pt\/en\/wp-json\/wp\/v2\/pages\/4326","targetHints":{"allow":["GET"]}}],"collection":[{"href":"https:\/\/crid.esecs.ipleiria.pt\/en\/wp-json\/wp\/v2\/pages"}],"about":[{"href":"https:\/\/crid.esecs.ipleiria.pt\/en\/wp-json\/wp\/v2\/types\/page"}],"author":[{"embeddable":true,"href":"https:\/\/crid.esecs.ipleiria.pt\/en\/wp-json\/wp\/v2\/users\/5915"}],"replies":[{"embeddable":true,"href":"https:\/\/crid.esecs.ipleiria.pt\/en\/wp-json\/wp\/v2\/comments?post=4326"}],"version-history":[{"count":4,"href":"https:\/\/crid.esecs.ipleiria.pt\/en\/wp-json\/wp\/v2\/pages\/4326\/revisions"}],"predecessor-version":[{"id":4406,"href":"https:\/\/crid.esecs.ipleiria.pt\/en\/wp-json\/wp\/v2\/pages\/4326\/revisions\/4406"}],"wp:attachment":[{"href":"https:\/\/crid.esecs.ipleiria.pt\/en\/wp-json\/wp\/v2\/media?parent=4326"}],"curies":[{"name":"wp","href":"https:\/\/api.w.org\/{rel}","templated":true}]}}