{"id":4332,"date":"2024-12-23T18:04:12","date_gmt":"2024-12-23T18:04:12","guid":{"rendered":"https:\/\/crid.esecs.ipleiria.pt\/?page_id=4332"},"modified":"2024-12-25T20:41:44","modified_gmt":"2024-12-25T20:41:44","slug":"as-tecnologias-de-apoio-uma-ponte-entre-geracoes-2","status":"publish","type":"page","link":"https:\/\/crid.esecs.ipleiria.pt\/en\/as-tecnologias-de-apoio-uma-ponte-entre-geracoes-2\/","title":{"rendered":"Support Technologies: A Bridge Between Generations"},"content":{"rendered":"\n<p class=\"has-large-font-size\">The project, focused on the Leiria region, integrates support technologies into the daily lives of elderly people and combats some disabilities, by promoting active aging, enabling them to participate and interact in a society increasingly linked to the use of new technologies.<\/p>\n\n\n\n<figure class=\"wp-block-image alignfull\"><img loading=\"lazy\" decoding=\"async\" width=\"1024\" height=\"721\" src=\"http:\/\/crid.esecs.ipleiria.pt\/files\/2019\/09\/6-AA-Descri\u00e7\u00e3o-de-imagem-10-1024x721.jpg\" alt=\"\" class=\"wp-image-2944\" srcset=\"https:\/\/crid.esecs.ipleiria.pt\/files\/2019\/09\/6-AA-Descri\u00e7\u00e3o-de-imagem-10-1024x721.jpg 1024w, https:\/\/crid.esecs.ipleiria.pt\/files\/2019\/09\/6-AA-Descri\u00e7\u00e3o-de-imagem-10-300x211.jpg 300w, https:\/\/crid.esecs.ipleiria.pt\/files\/2019\/09\/6-AA-Descri\u00e7\u00e3o-de-imagem-10-768x540.jpg 768w, https:\/\/crid.esecs.ipleiria.pt\/files\/2019\/09\/6-AA-Descri\u00e7\u00e3o-de-imagem-10-816x574.jpg 816w\" sizes=\"auto, (max-width: 1024px) 100vw, 1024px\" \/><\/figure>\n\n\n\n<p class=\"has-large-font-size\">The project aims to:<\/p>\n\n\n\n<p class=\"has-large-font-size\">\u25cf Improve the quality of life of elderly people in terms of physical, mental and social well-being, by encouraging active aging;<\/p>\n\n\n\n<p class=\"has-large-font-size\">\u25cf Minimize symptoms of social exclusion;<\/p>\n\n\n\n<p class=\"has-large-font-size\">\u25cf Improve communicative capabilities through information and communication technologies;<\/p>\n\n\n\n<p class=\"has-large-font-size\">\u25cf Develop new skills in the Tecnologias da Informa\u00e7\u00e3o e Comunica\u00e7\u00e3o (TIC) area.<\/p>\n\n\n\n<figure class=\"wp-block-image alignfull\"><img loading=\"lazy\" decoding=\"async\" width=\"1024\" height=\"600\" src=\"http:\/\/crid.esecs.ipleiria.pt\/files\/2019\/09\/IMG_5840-1024x600.jpg\" alt=\"\" class=\"wp-image-2948\" srcset=\"https:\/\/crid.esecs.ipleiria.pt\/files\/2019\/09\/IMG_5840-1024x600.jpg 1024w, https:\/\/crid.esecs.ipleiria.pt\/files\/2019\/09\/IMG_5840-300x176.jpg 300w, https:\/\/crid.esecs.ipleiria.pt\/files\/2019\/09\/IMG_5840-768x450.jpg 768w, https:\/\/crid.esecs.ipleiria.pt\/files\/2019\/09\/IMG_5840-816x478.jpg 816w\" sizes=\"auto, (max-width: 1024px) 100vw, 1024px\" \/><\/figure>\n\n\n\n<figure class=\"wp-block-image alignfull\"><img loading=\"lazy\" decoding=\"async\" width=\"1024\" height=\"721\" src=\"http:\/\/crid.esecs.ipleiria.pt\/files\/2019\/09\/7-AA-Descri\u00e7\u00e3o-de-imagem-15-1024x721.jpg\" alt=\"\" class=\"wp-image-2947\" srcset=\"https:\/\/crid.esecs.ipleiria.pt\/files\/2019\/09\/7-AA-Descri\u00e7\u00e3o-de-imagem-15-1024x721.jpg 1024w, https:\/\/crid.esecs.ipleiria.pt\/files\/2019\/09\/7-AA-Descri\u00e7\u00e3o-de-imagem-15-300x211.jpg 300w, https:\/\/crid.esecs.ipleiria.pt\/files\/2019\/09\/7-AA-Descri\u00e7\u00e3o-de-imagem-15-768x540.jpg 768w, https:\/\/crid.esecs.ipleiria.pt\/files\/2019\/09\/7-AA-Descri\u00e7\u00e3o-de-imagem-15-816x574.jpg 816w\" sizes=\"auto, (max-width: 1024px) 100vw, 1024px\" \/><\/figure>\n\n\n\n<p class=\"has-large-font-size\">It began in 2017, with activities developed at CRID, in partnership with the Associa\u00e7\u00e3o de Solidariedade Social de Marrazes (AMITEI). The elderly are accompanied by technicians from the institution and a senior technician, in the development of structured activities that promote digital inclusion, through adaptive and technological resources that favor inclusion and active aging throughout life.<\/p>\n\n\n\n<p class=\"has-large-font-size\">Work under the coordination of professor Doctor C\u00e9lia Sousa, coordinator of the Centro de Recursos para a Inclus\u00e3o Digital (CRID).<\/p>\n\n\n\n<figure class=\"wp-block-image alignfull\"><img loading=\"lazy\" decoding=\"async\" width=\"1024\" height=\"768\" src=\"http:\/\/crid.esecs.ipleiria.pt\/files\/2019\/09\/IMG_20190906_120308-1024x768.jpg\" alt=\"\" class=\"wp-image-2955\" srcset=\"https:\/\/crid.esecs.ipleiria.pt\/files\/2019\/09\/IMG_20190906_120308-1024x768.jpg 1024w, https:\/\/crid.esecs.ipleiria.pt\/files\/2019\/09\/IMG_20190906_120308-300x225.jpg 300w, https:\/\/crid.esecs.ipleiria.pt\/files\/2019\/09\/IMG_20190906_120308-768x576.jpg 768w, https:\/\/crid.esecs.ipleiria.pt\/files\/2019\/09\/IMG_20190906_120308-816x612.jpg 816w\" sizes=\"auto, (max-width: 1024px) 100vw, 1024px\" \/><\/figure>\n\n\n\n<figure class=\"wp-block-image alignfull\"><img loading=\"lazy\" decoding=\"async\" width=\"1024\" height=\"721\" src=\"http:\/\/crid.esecs.ipleiria.pt\/files\/2019\/09\/6-AA-Descri\u00e7\u00e3o-de-imagem-12-1024x721.jpg\" alt=\"\" class=\"wp-image-2946\" srcset=\"https:\/\/crid.esecs.ipleiria.pt\/files\/2019\/09\/6-AA-Descri\u00e7\u00e3o-de-imagem-12-1024x721.jpg 1024w, https:\/\/crid.esecs.ipleiria.pt\/files\/2019\/09\/6-AA-Descri\u00e7\u00e3o-de-imagem-12-300x211.jpg 300w, https:\/\/crid.esecs.ipleiria.pt\/files\/2019\/09\/6-AA-Descri\u00e7\u00e3o-de-imagem-12-768x540.jpg 768w, https:\/\/crid.esecs.ipleiria.pt\/files\/2019\/09\/6-AA-Descri\u00e7\u00e3o-de-imagem-12-816x574.jpg 816w\" sizes=\"auto, (max-width: 1024px) 100vw, 1024px\" \/><\/figure>\n\n\n\n<figure class=\"wp-block-image alignfull\"><img loading=\"lazy\" decoding=\"async\" width=\"1024\" height=\"683\" src=\"http:\/\/crid.esecs.ipleiria.pt\/files\/2019\/09\/IMG_5920-1024x683.jpg\" alt=\"\" class=\"wp-image-2949\" srcset=\"https:\/\/crid.esecs.ipleiria.pt\/files\/2019\/09\/IMG_5920-1024x683.jpg 1024w, https:\/\/crid.esecs.ipleiria.pt\/files\/2019\/09\/IMG_5920-300x200.jpg 300w, https:\/\/crid.esecs.ipleiria.pt\/files\/2019\/09\/IMG_5920-768x512.jpg 768w, https:\/\/crid.esecs.ipleiria.pt\/files\/2019\/09\/IMG_5920-816x544.jpg 816w\" sizes=\"auto, (max-width: 1024px) 100vw, 1024px\" \/><\/figure>\n\n\n\n<p><\/p>\n","protected":false},"excerpt":{"rendered":"<p>The project, focused on the Leiria region, integrates support technologies into the daily lives of elderly people and combats some disabilities, by promoting active aging, enabling them to participate and [&hellip;]<\/p>\n","protected":false},"author":5915,"featured_media":0,"parent":0,"menu_order":0,"comment_status":"closed","ping_status":"closed","template":"","meta":{"ngg_post_thumbnail":0,"footnotes":""},"class_list":["post-4332","page","type-page","status-publish","hentry"],"_links":{"self":[{"href":"https:\/\/crid.esecs.ipleiria.pt\/en\/wp-json\/wp\/v2\/pages\/4332","targetHints":{"allow":["GET"]}}],"collection":[{"href":"https:\/\/crid.esecs.ipleiria.pt\/en\/wp-json\/wp\/v2\/pages"}],"about":[{"href":"https:\/\/crid.esecs.ipleiria.pt\/en\/wp-json\/wp\/v2\/types\/page"}],"author":[{"embeddable":true,"href":"https:\/\/crid.esecs.ipleiria.pt\/en\/wp-json\/wp\/v2\/users\/5915"}],"replies":[{"embeddable":true,"href":"https:\/\/crid.esecs.ipleiria.pt\/en\/wp-json\/wp\/v2\/comments?post=4332"}],"version-history":[{"count":4,"href":"https:\/\/crid.esecs.ipleiria.pt\/en\/wp-json\/wp\/v2\/pages\/4332\/revisions"}],"predecessor-version":[{"id":4404,"href":"https:\/\/crid.esecs.ipleiria.pt\/en\/wp-json\/wp\/v2\/pages\/4332\/revisions\/4404"}],"wp:attachment":[{"href":"https:\/\/crid.esecs.ipleiria.pt\/en\/wp-json\/wp\/v2\/media?parent=4332"}],"curies":[{"name":"wp","href":"https:\/\/api.w.org\/{rel}","templated":true}]}}