{"id":4335,"date":"2024-12-23T18:06:01","date_gmt":"2024-12-23T18:06:01","guid":{"rendered":"https:\/\/crid.esecs.ipleiria.pt\/?page_id=4335"},"modified":"2024-12-28T19:21:52","modified_gmt":"2024-12-28T19:21:52","slug":"ementas-inclusivas","status":"publish","type":"page","link":"https:\/\/crid.esecs.ipleiria.pt\/en\/ementas-inclusivas\/","title":{"rendered":"Inclusive Menus"},"content":{"rendered":"\n<p class=\"has-large-font-size\">The \u201cInclusive Menus\u201d project began with encouraging and raising awareness in restaurants in Pra\u00e7a Rodrigues Lobo, in Leiria, to participate in the creation of differentiating menus that are easy to understand by different audiences. With the development of menus, several restaurants approached CRID to make these adaptations.<\/p>\n\n\n\n<p class=\"has-large-font-size\">It appeared in the 2014\/2015 academic year, within the scope of Laborat\u00f3rio de Comunica\u00e7\u00e3o Curricular Unit, of Mestrado em Comunica\u00e7\u00e3o Acess\u00edvel at Escola Superior de Educa\u00e7\u00e3o e Comunica\u00e7\u00e3o Social, at Polit\u00e9cnico de Leiria.<\/p>\n\n\n\n<h4 class=\"wp-block-heading\">Casa da Nora<\/h4>\n\n\n\n<div class=\"wp-block-file\"><a id=\"wp-block-file--media-f9566d97-52fd-4c39-a747-3b2fe6ed4cab\" href=\"https:\/\/crid.esecs.ipleiria.pt\/files\/2019\/11\/Capa-Ementa-Casa-da-Nora.pdf\">Ementa Casa da Nora em Braille<\/a><a href=\"https:\/\/crid.esecs.ipleiria.pt\/files\/2019\/11\/Capa-Ementa-Casa-da-Nora.pdf\" class=\"wp-block-file__button wp-element-button\" download aria-describedby=\"wp-block-file--media-f9566d97-52fd-4c39-a747-3b2fe6ed4cab\">Descarregar<\/a><\/div>\n\n\n\n<h4 class=\"wp-block-heading\">Chico Lobo<\/h4>\n\n\n\n<div class=\"wp-block-file\"><a id=\"wp-block-file--media-a46a16e3-e570-4b2b-b764-0d55f7ce412c\" href=\"https:\/\/crid.esecs.ipleiria.pt\/files\/2019\/11\/Chico-Lobo-capa.pdf\">Ementa Chico Lobo em Braille<\/a><a href=\"https:\/\/crid.esecs.ipleiria.pt\/files\/2019\/11\/Chico-Lobo-capa.pdf\" class=\"wp-block-file__button wp-element-button\" download aria-describedby=\"wp-block-file--media-a46a16e3-e570-4b2b-b764-0d55f7ce412c\">Descarregar<\/a><\/div>\n\n\n\n<h4 class=\"wp-block-heading\">Essence inn Marianos Hotel<\/h4>\n\n\n\n<div class=\"wp-block-file\"><a id=\"wp-block-file--media-3cdb7d1f-c026-4bb4-b59b-d3c24077d516\" href=\"https:\/\/crid.esecs.ipleiria.pt\/files\/2019\/11\/Essence-inn-Marianos-Hotel-Capa.pdf\">Ementa Essence inn Marianos Hotel em Braille<\/a><a href=\"https:\/\/crid.esecs.ipleiria.pt\/files\/2019\/11\/Essence-inn-Marianos-Hotel-Capa.pdf\" class=\"wp-block-file__button wp-element-button\" download aria-describedby=\"wp-block-file--media-3cdb7d1f-c026-4bb4-b59b-d3c24077d516\">Descarregar<\/a><\/div>\n\n\n\n<h4 class=\"wp-block-heading\">Lisbar<\/h4>\n\n\n\n<div class=\"wp-block-file\"><a id=\"wp-block-file--media-8e8b6e55-48a5-4cd9-8bdd-281f7a785ae0\" href=\"https:\/\/crid.esecs.ipleiria.pt\/files\/2019\/11\/ementa-lisbar.pdf\">Ementa Lisbar em SPC<\/a><a href=\"https:\/\/crid.esecs.ipleiria.pt\/files\/2019\/11\/ementa-lisbar.pdf\" class=\"wp-block-file__button wp-element-button\" download aria-describedby=\"wp-block-file--media-8e8b6e55-48a5-4cd9-8bdd-281f7a785ae0\">Descarregar<\/a><\/div>\n\n\n\n<h4 class=\"wp-block-heading\">Mata Bicho<\/h4>\n\n\n\n<div class=\"wp-block-file\"><a id=\"wp-block-file--media-63cac718-3a35-4c1b-9c2a-8d6251b75f69\" href=\"https:\/\/crid.esecs.ipleiria.pt\/files\/2019\/11\/Mata-Bicho-Ementa-pronta.pdf\">Ementa Mata Bicho em SPC<\/a><a href=\"https:\/\/crid.esecs.ipleiria.pt\/files\/2019\/11\/Mata-Bicho-Ementa-pronta.pdf\" class=\"wp-block-file__button wp-element-button\" download aria-describedby=\"wp-block-file--media-63cac718-3a35-4c1b-9c2a-8d6251b75f69\">Descarregar<\/a><\/div>\n\n\n\n<h4 class=\"wp-block-heading\">Mosteiro do Leit\u00e3o<\/h4>\n\n\n\n<div class=\"wp-block-file\"><a id=\"wp-block-file--media-ef2693f8-4471-4750-a521-2c139dfefe99\" href=\"https:\/\/crid.esecs.ipleiria.pt\/files\/2019\/11\/capa_ementa_Mosteiro_do_Leit\u00e3o.pdf\">Ementa Mosteiro do Leit\u00e3o em Braille<\/a><a href=\"https:\/\/crid.esecs.ipleiria.pt\/files\/2019\/11\/capa_ementa_Mosteiro_do_Leit\u00e3o.pdf\" class=\"wp-block-file__button wp-element-button\" download aria-describedby=\"wp-block-file--media-ef2693f8-4471-4750-a521-2c139dfefe99\">Descarregar<\/a><\/div>\n\n\n\n<h4 class=\"wp-block-heading\">Taberna DaPra\u00e7a<\/h4>\n\n\n\n<div class=\"wp-block-file\"><a id=\"wp-block-file--media-d519bbf3-86e9-4463-a3cb-7ce155fc8ee2\" href=\"https:\/\/crid.esecs.ipleiria.pt\/files\/2019\/11\/taberna-dapra\u00e7a-capa.pdf\">Ementa Taberna DaPra\u00e7a em Braille<\/a><a href=\"https:\/\/crid.esecs.ipleiria.pt\/files\/2019\/11\/taberna-dapra\u00e7a-capa.pdf\" class=\"wp-block-file__button wp-element-button\" download aria-describedby=\"wp-block-file--media-d519bbf3-86e9-4463-a3cb-7ce155fc8ee2\">Descarregar<\/a><\/div>\n\n\n\n<h4 class=\"wp-block-heading\">Villa Batalha<\/h4>\n\n\n\n<div class=\"wp-block-file\"><a id=\"wp-block-file--media-60a88aaa-618a-4042-bbdb-583f7b211c46\" href=\"https:\/\/crid.esecs.ipleiria.pt\/files\/2019\/11\/Capa-Adega-dos-Frades-Villa-Batalha.pdf\">Ementa Adega dos Frades em Braille<\/a><a href=\"https:\/\/crid.esecs.ipleiria.pt\/files\/2019\/11\/Capa-Adega-dos-Frades-Villa-Batalha.pdf\" class=\"wp-block-file__button wp-element-button\" download aria-describedby=\"wp-block-file--media-60a88aaa-618a-4042-bbdb-583f7b211c46\">Descarregar<\/a><\/div>\n","protected":false},"excerpt":{"rendered":"<p>The \u201cInclusive Menus\u201d project began with encouraging and raising awareness in restaurants in Pra\u00e7a Rodrigues Lobo, in Leiria, to participate in the creation of differentiating menus that are easy to [&hellip;]<\/p>\n","protected":false},"author":5915,"featured_media":0,"parent":0,"menu_order":0,"comment_status":"closed","ping_status":"closed","template":"","meta":{"ngg_post_thumbnail":0,"footnotes":""},"class_list":["post-4335","page","type-page","status-publish","hentry"],"_links":{"self":[{"href":"https:\/\/crid.esecs.ipleiria.pt\/en\/wp-json\/wp\/v2\/pages\/4335","targetHints":{"allow":["GET"]}}],"collection":[{"href":"https:\/\/crid.esecs.ipleiria.pt\/en\/wp-json\/wp\/v2\/pages"}],"about":[{"href":"https:\/\/crid.esecs.ipleiria.pt\/en\/wp-json\/wp\/v2\/types\/page"}],"author":[{"embeddable":true,"href":"https:\/\/crid.esecs.ipleiria.pt\/en\/wp-json\/wp\/v2\/users\/5915"}],"replies":[{"embeddable":true,"href":"https:\/\/crid.esecs.ipleiria.pt\/en\/wp-json\/wp\/v2\/comments?post=4335"}],"version-history":[{"count":4,"href":"https:\/\/crid.esecs.ipleiria.pt\/en\/wp-json\/wp\/v2\/pages\/4335\/revisions"}],"predecessor-version":[{"id":4495,"href":"https:\/\/crid.esecs.ipleiria.pt\/en\/wp-json\/wp\/v2\/pages\/4335\/revisions\/4495"}],"wp:attachment":[{"href":"https:\/\/crid.esecs.ipleiria.pt\/en\/wp-json\/wp\/v2\/media?parent=4335"}],"curies":[{"name":"wp","href":"https:\/\/api.w.org\/{rel}","templated":true}]}}