{"id":4349,"date":"2024-12-23T18:15:59","date_gmt":"2024-12-23T18:15:59","guid":{"rendered":"https:\/\/crid.esecs.ipleiria.pt\/?page_id=4349"},"modified":"2024-12-25T22:35:05","modified_gmt":"2024-12-25T22:35:05","slug":"bip-a-vida-de-um-cao-bip-onda-esta-o-coracao","status":"publish","type":"page","link":"https:\/\/crid.esecs.ipleiria.pt\/en\/bip-a-vida-de-um-cao-bip-onda-esta-o-coracao\/","title":{"rendered":"BIP, a Vida de um C\u00e3o &amp; BIP! Onde Est\u00e1 o Cora\u00e7\u00e3o"},"content":{"rendered":"\n<figure class=\"wp-block-image alignfull\"><img loading=\"lazy\" decoding=\"async\" width=\"1024\" height=\"639\" src=\"http:\/\/crid.esecs.ipleiria.pt\/files\/2019\/06\/IMG_20190624_143128-2-1024x639.jpg\" alt=\"\" class=\"wp-image-2815\" srcset=\"https:\/\/crid.esecs.ipleiria.pt\/files\/2019\/06\/IMG_20190624_143128-2-1024x639.jpg 1024w, https:\/\/crid.esecs.ipleiria.pt\/files\/2019\/06\/IMG_20190624_143128-2-300x187.jpg 300w, https:\/\/crid.esecs.ipleiria.pt\/files\/2019\/06\/IMG_20190624_143128-2-768x479.jpg 768w, https:\/\/crid.esecs.ipleiria.pt\/files\/2019\/06\/IMG_20190624_143128-2-816x509.jpg 816w\" sizes=\"auto, (max-width: 1024px) 100vw, 1024px\" \/><\/figure>\n\n\n\n<p class=\"has-large-font-size\">CRID, together with the Escola Superior de Sa\u00fade da Cruz Vermelha Portuguesa, Associa\u00e7\u00e3o M\u00e3o Guia and Associa\u00e7\u00e3o S\u00e3o Francisco de Assis de Cascais, developed the multiformat books \u201cBip, a vida de um C\u00e3o\u201d and \u201cBip! Onde Est\u00e1 o Cora\u00e7\u00e3o?\u201d aimed at all children.<\/p>\n\n\n\n<p class=\"has-large-font-size\">\u201cBip, a Vida de um C\u00e3o\u201d is written by Lu\u00edsa Ducla Soares, with illustrations by Pedro Salvador Mendes. It has embossed images, printed in Braille, with enlarged font and has an audio version. It also includes a QR code that links to the Portuguese Red Cross School of Health page, where it is available in the audiobook version. The \u201cBIP! Onde ESt\u00e1 o Cora\u00e7\u00e3o?\u201d by Eduarda de Sousa Pires, with illustrations by Maur\u00edcio Hilgert, has in its genesis the concept of a book for everyone, bringing together in a single copy enlarged text, braille, relief images for blind children or children with low vision and pictograms for children with intellectual disabilities or limitations of another nature. It also includes the QR code that makes the audiobook version available.<\/p>\n\n\n\n<p class=\"has-large-font-size\">The stories are simple and allow you to teach and reflect on the importance of affection in relationships with animals and also on the nature of animal abandonment. Presented in various reading formats, the books promote the active participation and inclusion of all children.<\/p>\n","protected":false},"excerpt":{"rendered":"<p>CRID, together with the Escola Superior de Sa\u00fade da Cruz Vermelha Portuguesa, Associa\u00e7\u00e3o M\u00e3o Guia and Associa\u00e7\u00e3o S\u00e3o Francisco de Assis de Cascais, developed the multiformat books \u201cBip, a vida [&hellip;]<\/p>\n","protected":false},"author":5915,"featured_media":0,"parent":0,"menu_order":0,"comment_status":"closed","ping_status":"closed","template":"","meta":{"ngg_post_thumbnail":0,"footnotes":""},"class_list":["post-4349","page","type-page","status-publish","hentry"],"_links":{"self":[{"href":"https:\/\/crid.esecs.ipleiria.pt\/en\/wp-json\/wp\/v2\/pages\/4349","targetHints":{"allow":["GET"]}}],"collection":[{"href":"https:\/\/crid.esecs.ipleiria.pt\/en\/wp-json\/wp\/v2\/pages"}],"about":[{"href":"https:\/\/crid.esecs.ipleiria.pt\/en\/wp-json\/wp\/v2\/types\/page"}],"author":[{"embeddable":true,"href":"https:\/\/crid.esecs.ipleiria.pt\/en\/wp-json\/wp\/v2\/users\/5915"}],"replies":[{"embeddable":true,"href":"https:\/\/crid.esecs.ipleiria.pt\/en\/wp-json\/wp\/v2\/comments?post=4349"}],"version-history":[{"count":4,"href":"https:\/\/crid.esecs.ipleiria.pt\/en\/wp-json\/wp\/v2\/pages\/4349\/revisions"}],"predecessor-version":[{"id":4452,"href":"https:\/\/crid.esecs.ipleiria.pt\/en\/wp-json\/wp\/v2\/pages\/4349\/revisions\/4452"}],"wp:attachment":[{"href":"https:\/\/crid.esecs.ipleiria.pt\/en\/wp-json\/wp\/v2\/media?parent=4349"}],"curies":[{"name":"wp","href":"https:\/\/api.w.org\/{rel}","templated":true}]}}