{"id":4351,"date":"2024-12-23T18:16:43","date_gmt":"2024-12-23T18:16:43","guid":{"rendered":"https:\/\/crid.esecs.ipleiria.pt\/?page_id=4351"},"modified":"2024-12-25T20:57:04","modified_gmt":"2024-12-25T20:57:04","slug":"guia-extraordinario-sobre-o-coronavirus-para-criancas-curiosas","status":"publish","type":"page","link":"https:\/\/crid.esecs.ipleiria.pt\/en\/guia-extraordinario-sobre-o-coronavirus-para-criancas-curiosas\/","title":{"rendered":"Guia Extraordin\u00e1rio Sobre o CoronaV\u00edrus! Para Crian\u00e7as Curiosas"},"content":{"rendered":"<div class=\"wp-block-image\">\n<figure class=\"aligncenter size-large\"><img loading=\"lazy\" decoding=\"async\" width=\"405\" height=\"389\" src=\"http:\/\/crid.esecs.ipleiria.pt\/files\/2021\/02\/coronavirus.jpg\" alt=\"capa do livro\" class=\"wp-image-3436\" srcset=\"https:\/\/crid.esecs.ipleiria.pt\/files\/2021\/02\/coronavirus.jpg 405w, https:\/\/crid.esecs.ipleiria.pt\/files\/2021\/02\/coronavirus-300x288.jpg 300w\" sizes=\"auto, (max-width: 405px) 100vw, 405px\" \/><figcaption class=\"wp-element-caption\"><strong>Book cover: &#8220;Extraordinary Guide to Coronavirus! For Curious Children<\/strong><\/figcaption><\/figure><\/div>\n\n\n<p class=\"has-white-color has-dark-gray-background-color has-text-color has-background has-link-color wp-elements-718ef4d476ed8f210024c56fc3cca2e2\" style=\"font-size:23px;text-transform:capitalize\"><strong>Video in Portuguese Sign Language w\/ A<\/strong>udio<\/p>\n\n\n\n<div class=\"wp-block-buttons is-layout-flex wp-block-buttons-is-layout-flex\">\n<div class=\"wp-block-button\"><a class=\"wp-block-button__link wp-element-button\" href=\"https:\/\/www.youtube.com\/watch?v=4tmIUmyPLPg\" target=\"_blank\" rel=\"noreferrer noopener\">Click Here<\/a><\/div>\n<\/div>\n\n\n\n<p class=\"has-white-color has-dark-gray-background-color has-text-color has-background has-link-color has-large-font-size wp-elements-c09022c3eb09e7a1537e12d4af16c7ac\" style=\"text-transform:capitalize\"><strong>Digital Format (read only)<\/strong><\/p>\n\n\n\n<div class=\"wp-block-file\"><a id=\"wp-block-file--media-7cddddca-5b9d-43fb-bd3f-73831343a70a\" href=\"http:\/\/crid.esecs.ipleiria.pt\/files\/2021\/02\/GuiaCoronaVirusCriancas_Digital.pdf\">GuiaCoronaVirusCriancas_Digital<\/a><a href=\"http:\/\/crid.esecs.ipleiria.pt\/files\/2021\/02\/GuiaCoronaVirusCriancas_Digital.pdf\" class=\"wp-block-file__button wp-element-button\" download aria-describedby=\"wp-block-file--media-7cddddca-5b9d-43fb-bd3f-73831343a70a\">Descarregar<\/a><\/div>\n\n\n\n<p class=\"has-white-color has-dark-gray-background-color has-text-color has-background has-link-color has-large-font-size wp-elements-077d80cc35a51a8fcc0277212df9621d\"><strong>Format For Printing<\/strong><\/p>\n\n\n\n<div class=\"wp-block-file\"><a id=\"wp-block-file--media-3e43dc9b-842e-48cc-9b6b-2c9663177815\" href=\"http:\/\/crid.esecs.ipleiria.pt\/files\/2021\/02\/GuiaCoronaVirusCriancas_impresso.pdf\">GuiaCoronaVirusCriancas_impresso<\/a><a href=\"http:\/\/crid.esecs.ipleiria.pt\/files\/2021\/02\/GuiaCoronaVirusCriancas_impresso.pdf\" class=\"wp-block-file__button wp-element-button\" download aria-describedby=\"wp-block-file--media-3e43dc9b-842e-48cc-9b6b-2c9663177815\">Descarregar<\/a><\/div>\n\n\n\n<p class=\"has-white-color has-dark-gray-background-color has-text-color has-background has-link-color has-large-font-size wp-elements-941a162984b63544cea7e54a9a1e7068\"><strong>How To Build This Book:<\/strong><\/p>\n\n\n\n<div class=\"wp-block-columns is-layout-flex wp-container-core-columns-is-layout-1 wp-block-columns-is-layout-flex\">\n<div class=\"wp-block-column is-layout-flow wp-block-column-is-layout-flow\">\n<figure class=\"wp-block-image size-medium\"><img loading=\"lazy\" decoding=\"async\" width=\"214\" height=\"300\" src=\"https:\/\/crid.esecs.ipleiria.pt\/files\/2021\/02\/imagem_2021-02-17_141415-214x300.png\" alt=\"\" class=\"wp-image-3429\" srcset=\"https:\/\/crid.esecs.ipleiria.pt\/files\/2021\/02\/imagem_2021-02-17_141415-214x300.png 214w, https:\/\/crid.esecs.ipleiria.pt\/files\/2021\/02\/imagem_2021-02-17_141415.png 515w\" sizes=\"auto, (max-width: 214px) 100vw, 214px\" \/><\/figure>\n<\/div>\n\n\n\n<div class=\"wp-block-column is-layout-flow wp-block-column-is-layout-flow\">\n<p class=\"has-large-font-size\">Print the &#8220;printable format&#8221; document on 160g A4 sheets and then cut the paper to 21 cm x 21 cm. You can cut the paper ahead of time and print it later (we recommend cutting with a guillotine);<\/p>\n<\/div>\n<\/div>\n\n\n\n<ul class=\"wp-block-list\">\n<li class=\"has-large-font-size\">Print the original text in Braille (if you are unable to do so, we can print it at CRID\u00ae by appointment;<\/li>\n\n\n\n<li class=\"has-large-font-size\">Protect the front and back covers with transparent plastic \u201cbinding covers\u201d;<\/li>\n\n\n\n<li class=\"has-large-font-size\">Place spiral rings to make it more accessible to turn the pages;<\/li>\n<\/ul>\n","protected":false},"excerpt":{"rendered":"<p>Video in Portuguese Sign Language w\/ Audio Digital Format (read only) Format For Printing How To Build This Book: Print the &#8220;printable format&#8221; document on 160g A4 sheets and then [&hellip;]<\/p>\n","protected":false},"author":5915,"featured_media":0,"parent":0,"menu_order":0,"comment_status":"closed","ping_status":"closed","template":"","meta":{"ngg_post_thumbnail":0,"footnotes":""},"class_list":["post-4351","page","type-page","status-publish","hentry"],"_links":{"self":[{"href":"https:\/\/crid.esecs.ipleiria.pt\/en\/wp-json\/wp\/v2\/pages\/4351","targetHints":{"allow":["GET"]}}],"collection":[{"href":"https:\/\/crid.esecs.ipleiria.pt\/en\/wp-json\/wp\/v2\/pages"}],"about":[{"href":"https:\/\/crid.esecs.ipleiria.pt\/en\/wp-json\/wp\/v2\/types\/page"}],"author":[{"embeddable":true,"href":"https:\/\/crid.esecs.ipleiria.pt\/en\/wp-json\/wp\/v2\/users\/5915"}],"replies":[{"embeddable":true,"href":"https:\/\/crid.esecs.ipleiria.pt\/en\/wp-json\/wp\/v2\/comments?post=4351"}],"version-history":[{"count":4,"href":"https:\/\/crid.esecs.ipleiria.pt\/en\/wp-json\/wp\/v2\/pages\/4351\/revisions"}],"predecessor-version":[{"id":4409,"href":"https:\/\/crid.esecs.ipleiria.pt\/en\/wp-json\/wp\/v2\/pages\/4351\/revisions\/4409"}],"wp:attachment":[{"href":"https:\/\/crid.esecs.ipleiria.pt\/en\/wp-json\/wp\/v2\/media?parent=4351"}],"curies":[{"name":"wp","href":"https:\/\/api.w.org\/{rel}","templated":true}]}}