{"id":4356,"date":"2024-12-23T18:19:02","date_gmt":"2024-12-23T18:19:02","guid":{"rendered":"https:\/\/crid.esecs.ipleiria.pt\/?page_id=4356"},"modified":"2024-12-25T15:59:56","modified_gmt":"2024-12-25T15:59:56","slug":"o-comboio-de-lata-2","status":"publish","type":"page","link":"https:\/\/crid.esecs.ipleiria.pt\/en\/o-comboio-de-lata-2\/","title":{"rendered":"O Comboio de Lata"},"content":{"rendered":"\n<figure class=\"wp-block-image alignfull\"><img loading=\"lazy\" decoding=\"async\" width=\"1024\" height=\"768\" src=\"http:\/\/crid.esecs.ipleiria.pt\/files\/2019\/06\/IMG_20190624_103438-1024x768.jpg\" alt=\"\" class=\"wp-image-2806\" srcset=\"https:\/\/crid.esecs.ipleiria.pt\/files\/2019\/06\/IMG_20190624_103438-1024x768.jpg 1024w, https:\/\/crid.esecs.ipleiria.pt\/files\/2019\/06\/IMG_20190624_103438-300x225.jpg 300w, https:\/\/crid.esecs.ipleiria.pt\/files\/2019\/06\/IMG_20190624_103438-768x576.jpg 768w, https:\/\/crid.esecs.ipleiria.pt\/files\/2019\/06\/IMG_20190624_103438-816x612.jpg 816w\" sizes=\"auto, (max-width: 1024px) 100vw, 1024px\" \/><\/figure>\n\n\n\n<p class=\"has-large-font-size\">The book is a project developed in partnership between CRID with the coordination of professor Doctor C\u00e9lia Sousa, the Boavista Kindergarten through educators Cristina Andr\u00e9 and Cristina Silva, and the Association of Parents and Guardians of the Boavista Kindergarten . Written by students from the Universidade S\u00e9nior da Marinha Grande, with illustrations made by children from the Boavista Kindergarten, it was translated and adapted into pictograms by professor Doctor C\u00e9lia Sousa and the graphic design was carried out by Maur\u00edcio Hilgert.<\/p>\n\n\n\n<p class=\"has-large-font-size\">With the concept of a book for everyone, in a single copy it brings together enlarged text, Braille and embossed images for blind or visually impaired children, pictograms for children with intellectual disabilities or other limitations. It also has a QR code that takes you to the website where the audiobook and videobook versions in Portuguese Sign Language are available for deaf children: <a aria-label=\"vers\u00f5es em audiolivro e videolivro (abre num novo separador)\" href=\"https:\/\/www.youtube.com\/watch?v=0pvQDt7x9FE\" target=\"_blank\" rel=\"noreferrer noopener\">vers\u00f5es em audiolivro e videolivro<\/a> . The book includes access to the song \u201cTrem de Lata\u201d and a set of activities that allow you to explore the story.<\/p>\n\n\n\n<p class=\"has-large-font-size\">To purchase the book you can access the Facebook page: <a aria-label=\"Livraria Livros e Companhia (abre num novo separador)\" href=\"https:\/\/www.facebook.com\/Livraria.Livros.e.Companhia\" target=\"_blank\" rel=\"noreferrer noopener\">Livraria Livros e Companhia<\/a> or by Website <a aria-label=\"Agrupamento de Escolas Marinha Grande Nascente (abre num novo separador)\" href=\"http:\/\/www.aemgnascente.pt\/\" target=\"_blank\" rel=\"noreferrer noopener\">Agrupamento de Escolas Marinha Grande Nascente<\/a>, with the schools Jardim de Inf\u00e2ncia da Boavista, Escola Secund\u00e1ria Nery Capucho and Escola Secund\u00e1ria Pinhal do Rei.<\/p>\n","protected":false},"excerpt":{"rendered":"<p>The book is a project developed in partnership between CRID with the coordination of professor Doctor C\u00e9lia Sousa, the Boavista Kindergarten through educators Cristina Andr\u00e9 and Cristina Silva, and the [&hellip;]<\/p>\n","protected":false},"author":5915,"featured_media":0,"parent":0,"menu_order":0,"comment_status":"closed","ping_status":"closed","template":"","meta":{"ngg_post_thumbnail":0,"footnotes":""},"class_list":["post-4356","page","type-page","status-publish","hentry"],"_links":{"self":[{"href":"https:\/\/crid.esecs.ipleiria.pt\/en\/wp-json\/wp\/v2\/pages\/4356","targetHints":{"allow":["GET"]}}],"collection":[{"href":"https:\/\/crid.esecs.ipleiria.pt\/en\/wp-json\/wp\/v2\/pages"}],"about":[{"href":"https:\/\/crid.esecs.ipleiria.pt\/en\/wp-json\/wp\/v2\/types\/page"}],"author":[{"embeddable":true,"href":"https:\/\/crid.esecs.ipleiria.pt\/en\/wp-json\/wp\/v2\/users\/5915"}],"replies":[{"embeddable":true,"href":"https:\/\/crid.esecs.ipleiria.pt\/en\/wp-json\/wp\/v2\/comments?post=4356"}],"version-history":[{"count":3,"href":"https:\/\/crid.esecs.ipleiria.pt\/en\/wp-json\/wp\/v2\/pages\/4356\/revisions"}],"predecessor-version":[{"id":4386,"href":"https:\/\/crid.esecs.ipleiria.pt\/en\/wp-json\/wp\/v2\/pages\/4356\/revisions\/4386"}],"wp:attachment":[{"href":"https:\/\/crid.esecs.ipleiria.pt\/en\/wp-json\/wp\/v2\/media?parent=4356"}],"curies":[{"name":"wp","href":"https:\/\/api.w.org\/{rel}","templated":true}]}}